{"id":18,"date":"2025-02-12T08:01:37","date_gmt":"2025-02-12T07:01:37","guid":{"rendered":"https:\/\/anleihe.kolibrigruppe.de\/wordpress\/?page_id=18"},"modified":"2025-10-22T09:06:05","modified_gmt":"2025-10-22T07:06:05","slug":"impressum","status":"publish","type":"page","link":"https:\/\/anleihe.kolibrigruppe.de\/en\/impressum\/","title":{"rendered":"Imprint"},"content":{"rendered":"<h3 class=\"wp-block-heading\">Information according to \u00a7 5 DDG<\/h3>\n\n\n\n<p><strong>Kolibri Beteiligung GmbH<\/strong><\/p>\n\n\n\n<p>Ettore-Bugatti-Str. 6-14<br>51149 K\u00f6ln<\/p>\n\n\n\n<p><strong>Commercial register:<\/strong>&nbsp;HRB 125138<\/p>\n\n\n\n<p><strong>Register court:<\/strong>&nbsp;AG K\u00f6ln<\/p>\n\n\n\n<p><strong>Managing Director<\/strong>:<br>Dr. Wolfram Simon-Schr\u00f6ter<br>Maren Wolters<\/p>\n\n\n\n<h3 class=\"wp-block-heading\">Contact<\/h3>\n\n\n\n<p><strong>Email<\/strong>\u00a0<a href=\"mailto:info@kolibrigruppe.de\">info@kolibrigruppe.de<\/a><\/p>\n\n\n\n<h3 class=\"wp-block-heading\">VAT ID<\/h3>\n\n\n\n<p>Sales tax identification number according to \u00a7 27 a sales tax law:<br><strong>DE 315 902 163<\/strong><\/p>\n\n\n\n<h3 class=\"wp-block-heading\">Information on professional liability insurance<\/h3>\n\n\n\n<p><strong>Name and registered office of the insurer:<\/strong><br>AXA Versicherung AG<br>Bereich Industriekunden Nord<br>Postfach: 51171 K\u00f6ln<\/p>\n\n\n\n<p><strong>Area of validity of the insurance:<\/strong>&nbsp;worldwide<\/p>\n\n\n\n<h3 class=\"wp-block-heading\">Consumer dispute resolution \/ universal arbitration board<\/h3>\n\n\n\n<p>We are not willing or obliged to participate in dispute resolution proceedings before a consumer arbitration board.<\/p>\n\n\n\n<h3 class=\"wp-block-heading\">Issuer<\/h3>\n\n\n\n<p><strong>Kolibri Beteiligung GmbH<\/strong><\/p>\n\n\n\n<p><strong>Represented by:<\/strong>&nbsp;Dr. Wolfram Simon-Schr\u00f6ter (managing director), Maren Wolters (managing director)<\/p>\n\n\n\n<p><strong>Amtsgericht K\u00f6ln:<\/strong>&nbsp;HRB 125138<\/p>\n\n\n\n<p><strong>Contact:<\/strong>&nbsp;Ettore-Bugatti-Str. 6-14, 51149 K\u00f6ln<\/p>\n\n\n\n<p><strong>VAT ID:<\/strong>&nbsp;DE 315 902 163<\/p>\n\n\n\n<p><\/p>","protected":false},"excerpt":{"rendered":"<p>Angaben gem. \u00a7 5&nbsp;DDG Kolibri Beteiligung GmbH Ettore-Bugatti-Str. 6-1451149 K\u00f6ln Handelsregister:&nbsp;HRB 125138 Registergericht:&nbsp;AG K\u00f6ln Gesch\u00e4ftsf\u00fchrer:Dr. Wolfram Simon-Schr\u00f6terMaren Wolters Kontakt E-Mail:\u00a0info@kolibrigruppe.de Umsatzsteuer-ID Umsatzsteuer-Identifikationsnummer gem\u00e4\u00df \u00a7 27 a Umsatzsteuergesetz:DE 315 902 163 Angaben zur Berufshaftpflichtversicherung Name und Sitz des Versicherers:AXA Versicherung AGBereich Industriekunden NordPostfach: 51171 K\u00f6ln Geltungsraum der Versicherung:&nbsp;weltweit Verbraucherstreitbeilegung \/ Universalschlichtungsstelle Wir sind nicht bereit oder [&hellip;]<\/p>\n","protected":false},"author":1,"featured_media":0,"parent":0,"menu_order":0,"comment_status":"closed","ping_status":"closed","template":"","meta":{"_acf_changed":false,"footnotes":""},"class_list":["post-18","page","type-page","status-publish","hentry"],"acf":[],"yoast_head":"<!-- This site is optimized with the Yoast SEO plugin v27.2 - https:\/\/yoast.com\/product\/yoast-seo-wordpress\/ -->\n<title>Impressum - Investor Relations - Anleihe Kolibri Beteiligung GmbH<\/title>\n<meta name=\"robots\" content=\"index, follow, max-snippet:-1, max-image-preview:large, max-video-preview:-1\" \/>\n<link rel=\"canonical\" href=\"https:\/\/anleihe.kolibrigruppe.de\/en\/impressum\/\" \/>\n<meta property=\"og:locale\" content=\"en_US\" \/>\n<meta property=\"og:type\" content=\"article\" \/>\n<meta property=\"og:title\" content=\"Impressum - Investor Relations - Anleihe Kolibri Beteiligung GmbH\" \/>\n<meta property=\"og:description\" content=\"Angaben gem. \u00a7 5&nbsp;DDG Kolibri Beteiligung GmbH Ettore-Bugatti-Str. 6-1451149 K\u00f6ln Handelsregister:&nbsp;HRB 125138 Registergericht:&nbsp;AG K\u00f6ln Gesch\u00e4ftsf\u00fchrer:Dr. Wolfram Simon-Schr\u00f6terMaren Wolters Kontakt E-Mail:\u00a0info@kolibrigruppe.de Umsatzsteuer-ID Umsatzsteuer-Identifikationsnummer gem\u00e4\u00df \u00a7 27 a Umsatzsteuergesetz:DE 315 902 163 Angaben zur Berufshaftpflichtversicherung Name und Sitz des Versicherers:AXA Versicherung AGBereich Industriekunden NordPostfach: 51171 K\u00f6ln Geltungsraum der Versicherung:&nbsp;weltweit Verbraucherstreitbeilegung \/ Universalschlichtungsstelle Wir sind nicht bereit oder [&hellip;]\" \/>\n<meta property=\"og:url\" content=\"https:\/\/anleihe.kolibrigruppe.de\/en\/impressum\/\" \/>\n<meta property=\"og:site_name\" content=\"Investor Relations - Anleihe Kolibri Beteiligung GmbH\" \/>\n<meta property=\"article:modified_time\" content=\"2025-10-22T07:06:05+00:00\" \/>\n<meta name=\"twitter:card\" content=\"summary_large_image\" \/>\n<script type=\"application\/ld+json\" class=\"yoast-schema-graph\">{\"@context\":\"https:\/\/schema.org\",\"@graph\":[{\"@type\":\"WebPage\",\"@id\":\"https:\/\/anleihe.kolibrigruppe.de\/impressum\/\",\"url\":\"https:\/\/anleihe.kolibrigruppe.de\/impressum\/\",\"name\":\"Impressum - Investor Relations - Anleihe Kolibri Beteiligung GmbH\",\"isPartOf\":{\"@id\":\"https:\/\/anleihe.kolibrigruppe.de\/#website\"},\"datePublished\":\"2025-02-12T07:01:37+00:00\",\"dateModified\":\"2025-10-22T07:06:05+00:00\",\"breadcrumb\":{\"@id\":\"https:\/\/anleihe.kolibrigruppe.de\/impressum\/#breadcrumb\"},\"inLanguage\":\"en-US\",\"potentialAction\":[{\"@type\":\"ReadAction\",\"target\":[\"https:\/\/anleihe.kolibrigruppe.de\/impressum\/\"]}]},{\"@type\":\"BreadcrumbList\",\"@id\":\"https:\/\/anleihe.kolibrigruppe.de\/impressum\/#breadcrumb\",\"itemListElement\":[{\"@type\":\"ListItem\",\"position\":1,\"name\":\"Startseite\",\"item\":\"https:\/\/anleihe.kolibrigruppe.de\/\"},{\"@type\":\"ListItem\",\"position\":2,\"name\":\"Impressum\"}]},{\"@type\":\"WebSite\",\"@id\":\"https:\/\/anleihe.kolibrigruppe.de\/#website\",\"url\":\"https:\/\/anleihe.kolibrigruppe.de\/\",\"name\":\"Investor Relations - Anleihe Kolibri Beteiligung GmbH\",\"description\":\"\",\"publisher\":{\"@id\":\"https:\/\/anleihe.kolibrigruppe.de\/#organization\"},\"potentialAction\":[{\"@type\":\"SearchAction\",\"target\":{\"@type\":\"EntryPoint\",\"urlTemplate\":\"https:\/\/anleihe.kolibrigruppe.de\/?s={search_term_string}\"},\"query-input\":{\"@type\":\"PropertyValueSpecification\",\"valueRequired\":true,\"valueName\":\"search_term_string\"}}],\"inLanguage\":\"en-US\"},{\"@type\":\"Organization\",\"@id\":\"https:\/\/anleihe.kolibrigruppe.de\/#organization\",\"name\":\"Kolibri Beteiligung GmbH\",\"url\":\"https:\/\/anleihe.kolibrigruppe.de\/\",\"logo\":{\"@type\":\"ImageObject\",\"inLanguage\":\"en-US\",\"@id\":\"https:\/\/anleihe.kolibrigruppe.de\/#\/schema\/logo\/image\/\",\"url\":\"https:\/\/anleihe.kolibrigruppe.de\/wp-content\/uploads\/2025\/02\/Kolibri_Beteiligung_GmbH_Logo.png\",\"contentUrl\":\"https:\/\/anleihe.kolibrigruppe.de\/wp-content\/uploads\/2025\/02\/Kolibri_Beteiligung_GmbH_Logo.png\",\"width\":333,\"height\":101,\"caption\":\"Kolibri Beteiligung GmbH\"},\"image\":{\"@id\":\"https:\/\/anleihe.kolibrigruppe.de\/#\/schema\/logo\/image\/\"}}]}<\/script>\n<!-- \/ Yoast SEO plugin. -->","yoast_head_json":{"title":"Impressum - Investor Relations - Anleihe Kolibri Beteiligung GmbH","robots":{"index":"index","follow":"follow","max-snippet":"max-snippet:-1","max-image-preview":"max-image-preview:large","max-video-preview":"max-video-preview:-1"},"canonical":"https:\/\/anleihe.kolibrigruppe.de\/en\/impressum\/","og_locale":"en_US","og_type":"article","og_title":"Impressum - Investor Relations - Anleihe Kolibri Beteiligung GmbH","og_description":"Angaben gem. \u00a7 5&nbsp;DDG Kolibri Beteiligung GmbH Ettore-Bugatti-Str. 6-1451149 K\u00f6ln Handelsregister:&nbsp;HRB 125138 Registergericht:&nbsp;AG K\u00f6ln Gesch\u00e4ftsf\u00fchrer:Dr. Wolfram Simon-Schr\u00f6terMaren Wolters Kontakt E-Mail:\u00a0info@kolibrigruppe.de Umsatzsteuer-ID Umsatzsteuer-Identifikationsnummer gem\u00e4\u00df \u00a7 27 a Umsatzsteuergesetz:DE 315 902 163 Angaben zur Berufshaftpflichtversicherung Name und Sitz des Versicherers:AXA Versicherung AGBereich Industriekunden NordPostfach: 51171 K\u00f6ln Geltungsraum der Versicherung:&nbsp;weltweit Verbraucherstreitbeilegung \/ Universalschlichtungsstelle Wir sind nicht bereit oder [&hellip;]","og_url":"https:\/\/anleihe.kolibrigruppe.de\/en\/impressum\/","og_site_name":"Investor Relations - Anleihe Kolibri Beteiligung GmbH","article_modified_time":"2025-10-22T07:06:05+00:00","twitter_card":"summary_large_image","schema":{"@context":"https:\/\/schema.org","@graph":[{"@type":"WebPage","@id":"https:\/\/anleihe.kolibrigruppe.de\/impressum\/","url":"https:\/\/anleihe.kolibrigruppe.de\/impressum\/","name":"Impressum - Investor Relations - Anleihe Kolibri Beteiligung GmbH","isPartOf":{"@id":"https:\/\/anleihe.kolibrigruppe.de\/#website"},"datePublished":"2025-02-12T07:01:37+00:00","dateModified":"2025-10-22T07:06:05+00:00","breadcrumb":{"@id":"https:\/\/anleihe.kolibrigruppe.de\/impressum\/#breadcrumb"},"inLanguage":"en-US","potentialAction":[{"@type":"ReadAction","target":["https:\/\/anleihe.kolibrigruppe.de\/impressum\/"]}]},{"@type":"BreadcrumbList","@id":"https:\/\/anleihe.kolibrigruppe.de\/impressum\/#breadcrumb","itemListElement":[{"@type":"ListItem","position":1,"name":"Startseite","item":"https:\/\/anleihe.kolibrigruppe.de\/"},{"@type":"ListItem","position":2,"name":"Impressum"}]},{"@type":"WebSite","@id":"https:\/\/anleihe.kolibrigruppe.de\/#website","url":"https:\/\/anleihe.kolibrigruppe.de\/","name":"Investor Relations - Anleihe Kolibri Beteiligung GmbH","description":"","publisher":{"@id":"https:\/\/anleihe.kolibrigruppe.de\/#organization"},"potentialAction":[{"@type":"SearchAction","target":{"@type":"EntryPoint","urlTemplate":"https:\/\/anleihe.kolibrigruppe.de\/?s={search_term_string}"},"query-input":{"@type":"PropertyValueSpecification","valueRequired":true,"valueName":"search_term_string"}}],"inLanguage":"en-US"},{"@type":"Organization","@id":"https:\/\/anleihe.kolibrigruppe.de\/#organization","name":"Kolibri Beteiligung GmbH","url":"https:\/\/anleihe.kolibrigruppe.de\/","logo":{"@type":"ImageObject","inLanguage":"en-US","@id":"https:\/\/anleihe.kolibrigruppe.de\/#\/schema\/logo\/image\/","url":"https:\/\/anleihe.kolibrigruppe.de\/wp-content\/uploads\/2025\/02\/Kolibri_Beteiligung_GmbH_Logo.png","contentUrl":"https:\/\/anleihe.kolibrigruppe.de\/wp-content\/uploads\/2025\/02\/Kolibri_Beteiligung_GmbH_Logo.png","width":333,"height":101,"caption":"Kolibri Beteiligung GmbH"},"image":{"@id":"https:\/\/anleihe.kolibrigruppe.de\/#\/schema\/logo\/image\/"}}]}},"_links":{"self":[{"href":"https:\/\/anleihe.kolibrigruppe.de\/en\/wp-json\/wp\/v2\/pages\/18","targetHints":{"allow":["GET"]}}],"collection":[{"href":"https:\/\/anleihe.kolibrigruppe.de\/en\/wp-json\/wp\/v2\/pages"}],"about":[{"href":"https:\/\/anleihe.kolibrigruppe.de\/en\/wp-json\/wp\/v2\/types\/page"}],"author":[{"embeddable":true,"href":"https:\/\/anleihe.kolibrigruppe.de\/en\/wp-json\/wp\/v2\/users\/1"}],"replies":[{"embeddable":true,"href":"https:\/\/anleihe.kolibrigruppe.de\/en\/wp-json\/wp\/v2\/comments?post=18"}],"version-history":[{"count":16,"href":"https:\/\/anleihe.kolibrigruppe.de\/en\/wp-json\/wp\/v2\/pages\/18\/revisions"}],"predecessor-version":[{"id":224,"href":"https:\/\/anleihe.kolibrigruppe.de\/en\/wp-json\/wp\/v2\/pages\/18\/revisions\/224"}],"wp:attachment":[{"href":"https:\/\/anleihe.kolibrigruppe.de\/en\/wp-json\/wp\/v2\/media?parent=18"}],"curies":[{"name":"wp","href":"https:\/\/api.w.org\/{rel}","templated":true}]}}