{"id":20,"date":"2025-02-12T08:01:58","date_gmt":"2025-02-12T07:01:58","guid":{"rendered":"https:\/\/anleihe.kolibrigruppe.de\/wordpress\/?page_id=20"},"modified":"2025-02-12T11:25:55","modified_gmt":"2025-02-12T10:25:55","slug":"directors-dealings","status":"publish","type":"page","link":"https:\/\/anleihe.kolibrigruppe.de\/en\/directors-dealings\/","title":{"rendered":"Directors Dealings"},"content":{"rendered":"<p>In accordance with Article 19 of the EU Market Abuse Regulation, persons discharging managerial responsibilities within an issuer must report their own transactions in shares or debt instruments of that issuer or related derivatives or other related financial instruments to the issuer and the supervisory authority without undue delay and no later than three business days after the date of the transaction. This obligation also applies to persons who have a close relationship with such a person.<\/p>\n\n\n\n<p>Kolibri Beteiligung GmbH publishes these announcements - as well as the other mandatory announcements - via pressetext Nachrichtenagentur GmbH.<\/p>","protected":false},"excerpt":{"rendered":"<p>Gem\u00e4\u00df Artikel 19 der EU-Marktmissbrauchsverordnung haben Personen, die bei einem Emittenten F\u00fchrungsaufgaben wahrnehmen, eigene Gesch\u00e4fte mit Anteilen oder Schuldtiteln dieses Emittent oder damit verbundenen Derivaten oder anderen damit verbundenen Finanzinstrumenten dem Emittent und der Aufsichtsbeh\u00f6rde unverz\u00fcglich und sp\u00e4testens drei Gesch\u00e4ftstage nach dem Datum des Gesch\u00e4fts zu melden. Diese Verpflichtung gilt auch f\u00fcr Personen, die mit [&hellip;]<\/p>\n","protected":false},"author":1,"featured_media":0,"parent":0,"menu_order":0,"comment_status":"closed","ping_status":"closed","template":"","meta":{"_acf_changed":false,"footnotes":""},"class_list":["post-20","page","type-page","status-publish","hentry"],"acf":[],"yoast_head":"<!-- This site is optimized with the Yoast SEO plugin v27.2 - https:\/\/yoast.com\/product\/yoast-seo-wordpress\/ -->\n<title>Directors Dealings - Investor Relations - Anleihe Kolibri Beteiligung GmbH<\/title>\n<meta name=\"robots\" content=\"index, follow, max-snippet:-1, max-image-preview:large, max-video-preview:-1\" \/>\n<link rel=\"canonical\" href=\"https:\/\/anleihe.kolibrigruppe.de\/en\/directors-dealings\/\" \/>\n<meta property=\"og:locale\" content=\"en_US\" \/>\n<meta property=\"og:type\" content=\"article\" \/>\n<meta property=\"og:title\" content=\"Directors Dealings - Investor Relations - Anleihe Kolibri Beteiligung GmbH\" \/>\n<meta property=\"og:description\" content=\"Gem\u00e4\u00df Artikel 19 der EU-Marktmissbrauchsverordnung haben Personen, die bei einem Emittenten F\u00fchrungsaufgaben wahrnehmen, eigene Gesch\u00e4fte mit Anteilen oder Schuldtiteln dieses Emittent oder damit verbundenen Derivaten oder anderen damit verbundenen Finanzinstrumenten dem Emittent und der Aufsichtsbeh\u00f6rde unverz\u00fcglich und sp\u00e4testens drei Gesch\u00e4ftstage nach dem Datum des Gesch\u00e4fts zu melden. Diese Verpflichtung gilt auch f\u00fcr Personen, die mit [&hellip;]\" \/>\n<meta property=\"og:url\" content=\"https:\/\/anleihe.kolibrigruppe.de\/en\/directors-dealings\/\" \/>\n<meta property=\"og:site_name\" content=\"Investor Relations - Anleihe Kolibri Beteiligung GmbH\" \/>\n<meta property=\"article:modified_time\" content=\"2025-02-12T10:25:55+00:00\" \/>\n<meta name=\"twitter:card\" content=\"summary_large_image\" \/>\n<script type=\"application\/ld+json\" class=\"yoast-schema-graph\">{\"@context\":\"https:\/\/schema.org\",\"@graph\":[{\"@type\":\"WebPage\",\"@id\":\"https:\/\/anleihe.kolibrigruppe.de\/directors-dealings\/\",\"url\":\"https:\/\/anleihe.kolibrigruppe.de\/directors-dealings\/\",\"name\":\"Directors Dealings - Investor Relations - Anleihe Kolibri Beteiligung GmbH\",\"isPartOf\":{\"@id\":\"https:\/\/anleihe.kolibrigruppe.de\/#website\"},\"datePublished\":\"2025-02-12T07:01:58+00:00\",\"dateModified\":\"2025-02-12T10:25:55+00:00\",\"breadcrumb\":{\"@id\":\"https:\/\/anleihe.kolibrigruppe.de\/directors-dealings\/#breadcrumb\"},\"inLanguage\":\"en-US\",\"potentialAction\":[{\"@type\":\"ReadAction\",\"target\":[\"https:\/\/anleihe.kolibrigruppe.de\/directors-dealings\/\"]}]},{\"@type\":\"BreadcrumbList\",\"@id\":\"https:\/\/anleihe.kolibrigruppe.de\/directors-dealings\/#breadcrumb\",\"itemListElement\":[{\"@type\":\"ListItem\",\"position\":1,\"name\":\"Startseite\",\"item\":\"https:\/\/anleihe.kolibrigruppe.de\/\"},{\"@type\":\"ListItem\",\"position\":2,\"name\":\"Directors Dealings\"}]},{\"@type\":\"WebSite\",\"@id\":\"https:\/\/anleihe.kolibrigruppe.de\/#website\",\"url\":\"https:\/\/anleihe.kolibrigruppe.de\/\",\"name\":\"Investor Relations - Anleihe Kolibri Beteiligung GmbH\",\"description\":\"\",\"publisher\":{\"@id\":\"https:\/\/anleihe.kolibrigruppe.de\/#organization\"},\"potentialAction\":[{\"@type\":\"SearchAction\",\"target\":{\"@type\":\"EntryPoint\",\"urlTemplate\":\"https:\/\/anleihe.kolibrigruppe.de\/?s={search_term_string}\"},\"query-input\":{\"@type\":\"PropertyValueSpecification\",\"valueRequired\":true,\"valueName\":\"search_term_string\"}}],\"inLanguage\":\"en-US\"},{\"@type\":\"Organization\",\"@id\":\"https:\/\/anleihe.kolibrigruppe.de\/#organization\",\"name\":\"Kolibri Beteiligung GmbH\",\"url\":\"https:\/\/anleihe.kolibrigruppe.de\/\",\"logo\":{\"@type\":\"ImageObject\",\"inLanguage\":\"en-US\",\"@id\":\"https:\/\/anleihe.kolibrigruppe.de\/#\/schema\/logo\/image\/\",\"url\":\"https:\/\/anleihe.kolibrigruppe.de\/wp-content\/uploads\/2025\/02\/Kolibri_Beteiligung_GmbH_Logo.png\",\"contentUrl\":\"https:\/\/anleihe.kolibrigruppe.de\/wp-content\/uploads\/2025\/02\/Kolibri_Beteiligung_GmbH_Logo.png\",\"width\":333,\"height\":101,\"caption\":\"Kolibri Beteiligung GmbH\"},\"image\":{\"@id\":\"https:\/\/anleihe.kolibrigruppe.de\/#\/schema\/logo\/image\/\"}}]}<\/script>\n<!-- \/ Yoast SEO plugin. -->","yoast_head_json":{"title":"Directors Dealings - Investor Relations - Anleihe Kolibri Beteiligung GmbH","robots":{"index":"index","follow":"follow","max-snippet":"max-snippet:-1","max-image-preview":"max-image-preview:large","max-video-preview":"max-video-preview:-1"},"canonical":"https:\/\/anleihe.kolibrigruppe.de\/en\/directors-dealings\/","og_locale":"en_US","og_type":"article","og_title":"Directors Dealings - Investor Relations - Anleihe Kolibri Beteiligung GmbH","og_description":"Gem\u00e4\u00df Artikel 19 der EU-Marktmissbrauchsverordnung haben Personen, die bei einem Emittenten F\u00fchrungsaufgaben wahrnehmen, eigene Gesch\u00e4fte mit Anteilen oder Schuldtiteln dieses Emittent oder damit verbundenen Derivaten oder anderen damit verbundenen Finanzinstrumenten dem Emittent und der Aufsichtsbeh\u00f6rde unverz\u00fcglich und sp\u00e4testens drei Gesch\u00e4ftstage nach dem Datum des Gesch\u00e4fts zu melden. Diese Verpflichtung gilt auch f\u00fcr Personen, die mit [&hellip;]","og_url":"https:\/\/anleihe.kolibrigruppe.de\/en\/directors-dealings\/","og_site_name":"Investor Relations - Anleihe Kolibri Beteiligung GmbH","article_modified_time":"2025-02-12T10:25:55+00:00","twitter_card":"summary_large_image","schema":{"@context":"https:\/\/schema.org","@graph":[{"@type":"WebPage","@id":"https:\/\/anleihe.kolibrigruppe.de\/directors-dealings\/","url":"https:\/\/anleihe.kolibrigruppe.de\/directors-dealings\/","name":"Directors Dealings - Investor Relations - Anleihe Kolibri Beteiligung GmbH","isPartOf":{"@id":"https:\/\/anleihe.kolibrigruppe.de\/#website"},"datePublished":"2025-02-12T07:01:58+00:00","dateModified":"2025-02-12T10:25:55+00:00","breadcrumb":{"@id":"https:\/\/anleihe.kolibrigruppe.de\/directors-dealings\/#breadcrumb"},"inLanguage":"en-US","potentialAction":[{"@type":"ReadAction","target":["https:\/\/anleihe.kolibrigruppe.de\/directors-dealings\/"]}]},{"@type":"BreadcrumbList","@id":"https:\/\/anleihe.kolibrigruppe.de\/directors-dealings\/#breadcrumb","itemListElement":[{"@type":"ListItem","position":1,"name":"Startseite","item":"https:\/\/anleihe.kolibrigruppe.de\/"},{"@type":"ListItem","position":2,"name":"Directors Dealings"}]},{"@type":"WebSite","@id":"https:\/\/anleihe.kolibrigruppe.de\/#website","url":"https:\/\/anleihe.kolibrigruppe.de\/","name":"Investor Relations - Anleihe Kolibri Beteiligung GmbH","description":"","publisher":{"@id":"https:\/\/anleihe.kolibrigruppe.de\/#organization"},"potentialAction":[{"@type":"SearchAction","target":{"@type":"EntryPoint","urlTemplate":"https:\/\/anleihe.kolibrigruppe.de\/?s={search_term_string}"},"query-input":{"@type":"PropertyValueSpecification","valueRequired":true,"valueName":"search_term_string"}}],"inLanguage":"en-US"},{"@type":"Organization","@id":"https:\/\/anleihe.kolibrigruppe.de\/#organization","name":"Kolibri Beteiligung GmbH","url":"https:\/\/anleihe.kolibrigruppe.de\/","logo":{"@type":"ImageObject","inLanguage":"en-US","@id":"https:\/\/anleihe.kolibrigruppe.de\/#\/schema\/logo\/image\/","url":"https:\/\/anleihe.kolibrigruppe.de\/wp-content\/uploads\/2025\/02\/Kolibri_Beteiligung_GmbH_Logo.png","contentUrl":"https:\/\/anleihe.kolibrigruppe.de\/wp-content\/uploads\/2025\/02\/Kolibri_Beteiligung_GmbH_Logo.png","width":333,"height":101,"caption":"Kolibri Beteiligung GmbH"},"image":{"@id":"https:\/\/anleihe.kolibrigruppe.de\/#\/schema\/logo\/image\/"}}]}},"_links":{"self":[{"href":"https:\/\/anleihe.kolibrigruppe.de\/en\/wp-json\/wp\/v2\/pages\/20","targetHints":{"allow":["GET"]}}],"collection":[{"href":"https:\/\/anleihe.kolibrigruppe.de\/en\/wp-json\/wp\/v2\/pages"}],"about":[{"href":"https:\/\/anleihe.kolibrigruppe.de\/en\/wp-json\/wp\/v2\/types\/page"}],"author":[{"embeddable":true,"href":"https:\/\/anleihe.kolibrigruppe.de\/en\/wp-json\/wp\/v2\/users\/1"}],"replies":[{"embeddable":true,"href":"https:\/\/anleihe.kolibrigruppe.de\/en\/wp-json\/wp\/v2\/comments?post=20"}],"version-history":[{"count":2,"href":"https:\/\/anleihe.kolibrigruppe.de\/en\/wp-json\/wp\/v2\/pages\/20\/revisions"}],"predecessor-version":[{"id":47,"href":"https:\/\/anleihe.kolibrigruppe.de\/en\/wp-json\/wp\/v2\/pages\/20\/revisions\/47"}],"wp:attachment":[{"href":"https:\/\/anleihe.kolibrigruppe.de\/en\/wp-json\/wp\/v2\/media?parent=20"}],"curies":[{"name":"wp","href":"https:\/\/api.w.org\/{rel}","templated":true}]}}